{"id":1274,"date":"2023-10-07T19:07:41","date_gmt":"2023-10-07T19:07:41","guid":{"rendered":"https:\/\/b-physio.hu\/?page_id=1274"},"modified":"2023-10-09T16:03:32","modified_gmt":"2023-10-09T16:03:32","slug":"lagy-lezer","status":"publish","type":"page","link":"https:\/\/b-physio.hu\/index.php\/lagy-lezer\/","title":{"rendered":"l\u00e1gy l\u00e9zer"},"content":{"rendered":"\t\t<div data-elementor-type=\"wp-page\" data-elementor-id=\"1274\" class=\"elementor elementor-1274\">\n\t\t\t\t\t\t\t<div class=\"elementor-element elementor-element-08ac328 e-flex e-con-boxed e-con e-parent\" data-id=\"08ac328\" data-element_type=\"container\" data-settings=\"{&quot;content_width&quot;:&quot;boxed&quot;}\" data-core-v316-plus=\"true\">\n\t\t\t\t\t<div class=\"e-con-inner\">\n\t\t\t\t<div class=\"elementor-element elementor-element-f2bdfd6 elementor-widget elementor-widget-heading\" data-id=\"f2bdfd6\" data-element_type=\"widget\" data-widget_type=\"heading.default\">\n\t\t\t\t<div class=\"elementor-widget-container\">\n\t\t\t<style>\/*! elementor - v3.17.0 - 01-11-2023 *\/\n.elementor-heading-title{padding:0;margin:0;line-height:1}.elementor-widget-heading .elementor-heading-title[class*=elementor-size-]>a{color:inherit;font-size:inherit;line-height:inherit}.elementor-widget-heading .elementor-heading-title.elementor-size-small{font-size:15px}.elementor-widget-heading .elementor-heading-title.elementor-size-medium{font-size:19px}.elementor-widget-heading .elementor-heading-title.elementor-size-large{font-size:29px}.elementor-widget-heading .elementor-heading-title.elementor-size-xl{font-size:39px}.elementor-widget-heading .elementor-heading-title.elementor-size-xxl{font-size:59px}<\/style><h2 class=\"elementor-heading-title elementor-size-default\">safe laser<\/h2>\t\t<\/div>\n\t\t\t\t<\/div>\n\t\t\t\t\t<\/div>\n\t\t\t\t<\/div>\n\t\t<div class=\"elementor-element elementor-element-f469869 e-flex e-con-boxed e-con e-parent\" data-id=\"f469869\" data-element_type=\"container\" data-settings=\"{&quot;content_width&quot;:&quot;boxed&quot;}\" data-core-v316-plus=\"true\">\n\t\t\t\t\t<div class=\"e-con-inner\">\n\t\t<div class=\"elementor-element elementor-element-0275bbb e-con-full e-flex e-con e-child\" data-id=\"0275bbb\" data-element_type=\"container\" data-settings=\"{&quot;content_width&quot;:&quot;full&quot;,&quot;background_background&quot;:&quot;classic&quot;}\">\n\t\t\t\t<div class=\"elementor-element elementor-element-2736cca elementor-widget elementor-widget-text-editor\" data-id=\"2736cca\" data-element_type=\"widget\" data-widget_type=\"text-editor.default\">\n\t\t\t\t<div class=\"elementor-widget-container\">\n\t\t\t<style>\/*! elementor - v3.17.0 - 01-11-2023 *\/\n.elementor-widget-text-editor.elementor-drop-cap-view-stacked .elementor-drop-cap{background-color:#69727d;color:#fff}.elementor-widget-text-editor.elementor-drop-cap-view-framed .elementor-drop-cap{color:#69727d;border:3px solid;background-color:transparent}.elementor-widget-text-editor:not(.elementor-drop-cap-view-default) .elementor-drop-cap{margin-top:8px}.elementor-widget-text-editor:not(.elementor-drop-cap-view-default) .elementor-drop-cap-letter{width:1em;height:1em}.elementor-widget-text-editor .elementor-drop-cap{float:left;text-align:center;line-height:1;font-size:50px}.elementor-widget-text-editor .elementor-drop-cap-letter{display:inline-block}<\/style>\t\t\t\t<p>A safe laser ter\u00e1pia alacsony szint\u0171 l\u00e9zerf\u00e9ny alkalmaz\u00e1s\u00e1t jelenti s\u00e9r\u00fcl\u00e9sek, gyullad\u00e1sok \u00e9s f\u00e1jdalmak kezel\u00e9s\u00e9re. A f\u00e9nysug\u00e1r csak egyetlen hull\u00e1mhossz\u00fas\u00e1g\u00fa f\u00e9nyb\u0151l \u00e1ll (a l\u00e1gyl\u00e9zerek eset\u00e9n 650 vagy 808 nanom\u00e9ter), melyek azonos f\u00e1zisban mozognak (koherensek). A l\u00e9zerk\u00e9sz\u00fcl\u00e9k a gy\u00f3gyul\u00e1s folyamat\u00e1t sejtszinten ind\u00edtja el, \u00edgy ez nem t\u00fcneti jelleg\u0171 kezel\u00e9s, hanem a sejtek m\u00e9ly\u00e9be hatolva elind\u00edtja azok regener\u00e1ci\u00f3j\u00e1t, \u00e9s vissza\u00e1ll\u00edtja a beteg sejtek optim\u00e1lis m\u0171k\u00f6d\u00e9s\u00e9t. Hat\u00e1suk a testfelsz\u00ednhez k\u00f6zeli sz\u00f6vetekre korl\u00e1toz\u00f3dik, els\u0151sorban a b\u0151rre, az \u00edz\u00fcletre hat. Ez a kezel\u00e9si m\u00f3dszer gyors\u00edtja a sebgy\u00f3gyul\u00e1st \u00e9s cs\u00f6kkenti a gyullad\u00e1st an\u00e9lk\u00fcl, hogy k\u00e1ros\u00edtan\u00e1 a b\u0151rt vagy a sz\u00f6veteket.<\/p>\t\t\t\t\t\t<\/div>\n\t\t\t\t<\/div>\n\t\t\t\t<div class=\"elementor-element elementor-element-fde4613 elementor-widget__width-initial elementor-widget elementor-widget-image\" data-id=\"fde4613\" data-element_type=\"widget\" data-widget_type=\"image.default\">\n\t\t\t\t<div class=\"elementor-widget-container\">\n\t\t\t<style>\/*! elementor - v3.17.0 - 01-11-2023 *\/\n.elementor-widget-image{text-align:center}.elementor-widget-image a{display:inline-block}.elementor-widget-image a img[src$=\".svg\"]{width:48px}.elementor-widget-image img{vertical-align:middle;display:inline-block}<\/style>\t\t\t\t\t\t\t\t\t\t\t\t<img loading=\"lazy\" decoding=\"async\" width=\"1024\" height=\"768\" src=\"https:\/\/b-physio.hu\/wp-content\/uploads\/2023\/10\/safe_laser_box-1024x768.jpg\" class=\"attachment-large size-large wp-image-1972\" alt=\"\" srcset=\"https:\/\/b-physio.hu\/wp-content\/uploads\/2023\/10\/safe_laser_box-1024x768.jpg 1024w, https:\/\/b-physio.hu\/wp-content\/uploads\/2023\/10\/safe_laser_box-300x225.jpg 300w, https:\/\/b-physio.hu\/wp-content\/uploads\/2023\/10\/safe_laser_box-768x576.jpg 768w, https:\/\/b-physio.hu\/wp-content\/uploads\/2023\/10\/safe_laser_box-1536x1152.jpg 1536w, https:\/\/b-physio.hu\/wp-content\/uploads\/2023\/10\/safe_laser_box-2048x1536.jpg 2048w\" sizes=\"auto, (max-width: 1024px) 100vw, 1024px\" \/>\t\t\t\t\t\t\t\t\t\t\t\t\t\t\t<\/div>\n\t\t\t\t<\/div>\n\t\t\t\t<\/div>\n\t\t\t\t\t<\/div>\n\t\t\t\t<\/div>\n\t\t<div class=\"elementor-element elementor-element-cdeb2d3 e-flex e-con-boxed e-con e-parent\" data-id=\"cdeb2d3\" data-element_type=\"container\" data-settings=\"{&quot;content_width&quot;:&quot;boxed&quot;}\" data-core-v316-plus=\"true\">\n\t\t\t\t\t<div class=\"e-con-inner\">\n\t\t<div class=\"elementor-element elementor-element-484df6b e-con-full e-flex e-con e-child\" data-id=\"484df6b\" data-element_type=\"container\" data-settings=\"{&quot;content_width&quot;:&quot;full&quot;,&quot;background_background&quot;:&quot;classic&quot;}\">\n\t\t\t\t<div class=\"elementor-element elementor-element-e3189c2 elementor-widget elementor-widget-text-editor\" data-id=\"e3189c2\" data-element_type=\"widget\" data-widget_type=\"text-editor.default\">\n\t\t\t\t<div class=\"elementor-widget-container\">\n\t\t\t\t\t\t\t<p><strong>El\u0151ny\u00f6k:<\/strong><\/p><ul><li>Gyors\u00edtja a sebgy\u00f3gyul\u00e1st \u00e9s regener\u00e1ci\u00f3t<\/li><li>Cs\u00f6kkenti a f\u00e1jdalmat \u00e9s gyullad\u00e1st<\/li><li>Non-invaz\u00edv, f\u00e1jdalommentes \u00e9s mell\u00e9khat\u00e1sok n\u00e9lk\u00fcli kezel\u00e9s, \u00edgy gyerekek \u00e9s gy\u00f3gyszerallergi\u00e1sok sz\u00e1m\u00e1ra is megold\u00e1st jelenthet<\/li><li>T\u00e1mogatja a sejtek oxig\u00e9nell\u00e1t\u00e1s\u00e1t<\/li><\/ul><p><strong>Kinek aj\u00e1nlom:<\/strong><\/p><ul><li>Sportol\u00f3knak s\u00e9r\u00fcl\u00e9sek ut\u00e1ni rehabilit\u00e1ci\u00f3hoz<\/li><li>Artr\u00f3zissal, \u00edz\u00fcleti gyullad\u00e1ssal vagy kr\u00f3nikus f\u00e1jdalommal \u00e9l\u0151 szem\u00e9lyeknek<\/li><\/ul>\t\t\t\t\t\t<\/div>\n\t\t\t\t<\/div>\n\t\t\t\t<\/div>\n\t\t\t\t\t<\/div>\n\t\t\t\t<\/div>\n\t\t<div class=\"elementor-element elementor-element-6dee796 e-flex e-con-boxed e-con e-parent\" data-id=\"6dee796\" data-element_type=\"container\" data-settings=\"{&quot;content_width&quot;:&quot;boxed&quot;}\" data-core-v316-plus=\"true\">\n\t\t\t\t\t<div class=\"e-con-inner\">\n\t\t<div class=\"elementor-element elementor-element-613f5e3 e-con-full e-flex e-con e-child\" data-id=\"613f5e3\" data-element_type=\"container\" data-settings=\"{&quot;content_width&quot;:&quot;full&quot;,&quot;background_background&quot;:&quot;classic&quot;}\">\n\t\t\t\t<div class=\"elementor-element elementor-element-76b8d80 elementor-widget elementor-widget-toggle\" data-id=\"76b8d80\" data-element_type=\"widget\" data-widget_type=\"toggle.default\">\n\t\t\t\t<div class=\"elementor-widget-container\">\n\t\t\t<style>\/*! elementor - v3.17.0 - 01-11-2023 *\/\n.elementor-toggle{text-align:left}.elementor-toggle .elementor-tab-title{font-weight:700;line-height:1;margin:0;padding:15px;border-bottom:1px solid #d5d8dc;cursor:pointer;outline:none}.elementor-toggle .elementor-tab-title .elementor-toggle-icon{display:inline-block;width:1em}.elementor-toggle .elementor-tab-title .elementor-toggle-icon svg{margin-inline-start:-5px;width:1em;height:1em}.elementor-toggle .elementor-tab-title .elementor-toggle-icon.elementor-toggle-icon-right{float:right;text-align:right}.elementor-toggle .elementor-tab-title .elementor-toggle-icon.elementor-toggle-icon-left{float:left;text-align:left}.elementor-toggle .elementor-tab-title .elementor-toggle-icon .elementor-toggle-icon-closed{display:block}.elementor-toggle .elementor-tab-title .elementor-toggle-icon .elementor-toggle-icon-opened{display:none}.elementor-toggle .elementor-tab-title.elementor-active{border-bottom:none}.elementor-toggle .elementor-tab-title.elementor-active .elementor-toggle-icon-closed{display:none}.elementor-toggle .elementor-tab-title.elementor-active .elementor-toggle-icon-opened{display:block}.elementor-toggle .elementor-tab-content{padding:15px;border-bottom:1px solid #d5d8dc;display:none}@media (max-width:767px){.elementor-toggle .elementor-tab-title{padding:12px}.elementor-toggle .elementor-tab-content{padding:12px 10px}}.e-con-inner>.elementor-widget-toggle,.e-con>.elementor-widget-toggle{width:var(--container-widget-width);--flex-grow:var(--container-widget-flex-grow)}<\/style>\t\t<div class=\"elementor-toggle\">\n\t\t\t\t\t\t\t<div class=\"elementor-toggle-item\">\n\t\t\t\t\t<div id=\"elementor-tab-title-1241\" class=\"elementor-tab-title\" data-tab=\"1\" role=\"button\" aria-controls=\"elementor-tab-content-1241\" aria-expanded=\"false\">\n\t\t\t\t\t\t\t\t\t\t\t\t<span class=\"elementor-toggle-icon elementor-toggle-icon-left\" aria-hidden=\"true\">\n\t\t\t\t\t\t\t\t\t\t\t\t\t\t\t<span class=\"elementor-toggle-icon-closed\"><i class=\"fas fa-caret-right\"><\/i><\/span>\n\t\t\t\t\t\t\t\t<span class=\"elementor-toggle-icon-opened\"><i class=\"elementor-toggle-icon-opened fas fa-caret-up\"><\/i><\/span>\n\t\t\t\t\t\t\t\t\t\t\t\t\t<\/span>\n\t\t\t\t\t\t\t\t\t\t\t\t<a class=\"elementor-toggle-title\" tabindex=\"0\">Hogy tudom felvenni Veled a kapcsolatot?<\/a>\n\t\t\t\t\t<\/div>\n\n\t\t\t\t\t<div id=\"elementor-tab-content-1241\" class=\"elementor-tab-content elementor-clearfix\" data-tab=\"1\" role=\"region\" aria-labelledby=\"elementor-tab-title-1241\"><p>Telefonon, e-mail-ben, vagy ak\u00e1r Facebookon is! \u00cdrj vagy h\u00edvj b\u00e1tran!<\/p><\/div>\n\t\t\t\t<\/div>\n\t\t\t\t\t\t\t<div class=\"elementor-toggle-item\">\n\t\t\t\t\t<div id=\"elementor-tab-title-1242\" class=\"elementor-tab-title\" data-tab=\"2\" role=\"button\" aria-controls=\"elementor-tab-content-1242\" aria-expanded=\"false\">\n\t\t\t\t\t\t\t\t\t\t\t\t<span class=\"elementor-toggle-icon elementor-toggle-icon-left\" aria-hidden=\"true\">\n\t\t\t\t\t\t\t\t\t\t\t\t\t\t\t<span class=\"elementor-toggle-icon-closed\"><i class=\"fas fa-caret-right\"><\/i><\/span>\n\t\t\t\t\t\t\t\t<span class=\"elementor-toggle-icon-opened\"><i class=\"elementor-toggle-icon-opened fas fa-caret-up\"><\/i><\/span>\n\t\t\t\t\t\t\t\t\t\t\t\t\t<\/span>\n\t\t\t\t\t\t\t\t\t\t\t\t<a class=\"elementor-toggle-title\" tabindex=\"0\">Milyen m\u00f3don tudok fizetni?<\/a>\n\t\t\t\t\t<\/div>\n\n\t\t\t\t\t<div id=\"elementor-tab-content-1242\" class=\"elementor-tab-content elementor-clearfix\" data-tab=\"2\" role=\"region\" aria-labelledby=\"elementor-tab-title-1242\"><p>K\u00e9szp\u00e9nzben vagy utal\u00e1ssal, mindig a kezel\u00e9s\/edz\u00e9s ut\u00e1n.<\/p><\/div>\n\t\t\t\t<\/div>\n\t\t\t\t\t\t\t<div class=\"elementor-toggle-item\">\n\t\t\t\t\t<div id=\"elementor-tab-title-1243\" class=\"elementor-tab-title\" data-tab=\"3\" role=\"button\" aria-controls=\"elementor-tab-content-1243\" aria-expanded=\"false\">\n\t\t\t\t\t\t\t\t\t\t\t\t<span class=\"elementor-toggle-icon elementor-toggle-icon-left\" aria-hidden=\"true\">\n\t\t\t\t\t\t\t\t\t\t\t\t\t\t\t<span class=\"elementor-toggle-icon-closed\"><i class=\"fas fa-caret-right\"><\/i><\/span>\n\t\t\t\t\t\t\t\t<span class=\"elementor-toggle-icon-opened\"><i class=\"elementor-toggle-icon-opened fas fa-caret-up\"><\/i><\/span>\n\t\t\t\t\t\t\t\t\t\t\t\t\t<\/span>\n\t\t\t\t\t\t\t\t\t\t\t\t<a class=\"elementor-toggle-title\" tabindex=\"0\">Meddig mondhatom le az id\u0151pontot?<\/a>\n\t\t\t\t\t<\/div>\n\n\t\t\t\t\t<div id=\"elementor-tab-content-1243\" class=\"elementor-tab-content elementor-clearfix\" data-tab=\"3\" role=\"region\" aria-labelledby=\"elementor-tab-title-1243\"><p>A megbesz\u00e9lt id\u0151pont el\u0151tt 12 \u00f3r\u00e1val telefonon, vagy emailben.<\/p><\/div>\n\t\t\t\t<\/div>\n\t\t\t\t\t\t\t<div class=\"elementor-toggle-item\">\n\t\t\t\t\t<div id=\"elementor-tab-title-1244\" class=\"elementor-tab-title\" data-tab=\"4\" role=\"button\" aria-controls=\"elementor-tab-content-1244\" aria-expanded=\"false\">\n\t\t\t\t\t\t\t\t\t\t\t\t<span class=\"elementor-toggle-icon elementor-toggle-icon-left\" aria-hidden=\"true\">\n\t\t\t\t\t\t\t\t\t\t\t\t\t\t\t<span class=\"elementor-toggle-icon-closed\"><i class=\"fas fa-caret-right\"><\/i><\/span>\n\t\t\t\t\t\t\t\t<span class=\"elementor-toggle-icon-opened\"><i class=\"elementor-toggle-icon-opened fas fa-caret-up\"><\/i><\/span>\n\t\t\t\t\t\t\t\t\t\t\t\t\t<\/span>\n\t\t\t\t\t\t\t\t\t\t\t\t<a class=\"elementor-toggle-title\" tabindex=\"0\">Mi t\u00f6rt\u00e9nik, ha elfelejtem lemondani az id\u0151pontot \u00e9s nem tudom ig\u00e9nybe venni a szolg\u00e1ltat\u00e1st?<\/a>\n\t\t\t\t\t<\/div>\n\n\t\t\t\t\t<div id=\"elementor-tab-content-1244\" class=\"elementor-tab-content elementor-clearfix\" data-tab=\"4\" role=\"region\" aria-labelledby=\"elementor-tab-title-1244\"><p>Mindenki hib\u00e1zhat, \u00edgy az els\u0151 esetben ebb\u0151l nem lesz probl\u00e9ma. Ezt k\u00f6vet\u0151en az elmaradt alkalom fel\u00e9t kell megfizetni.<\/p><\/div>\n\t\t\t\t<\/div>\n\t\t\t\t\t\t\t<div class=\"elementor-toggle-item\">\n\t\t\t\t\t<div id=\"elementor-tab-title-1245\" class=\"elementor-tab-title\" data-tab=\"5\" role=\"button\" aria-controls=\"elementor-tab-content-1245\" aria-expanded=\"false\">\n\t\t\t\t\t\t\t\t\t\t\t\t<span class=\"elementor-toggle-icon elementor-toggle-icon-left\" aria-hidden=\"true\">\n\t\t\t\t\t\t\t\t\t\t\t\t\t\t\t<span class=\"elementor-toggle-icon-closed\"><i class=\"fas fa-caret-right\"><\/i><\/span>\n\t\t\t\t\t\t\t\t<span class=\"elementor-toggle-icon-opened\"><i class=\"elementor-toggle-icon-opened fas fa-caret-up\"><\/i><\/span>\n\t\t\t\t\t\t\t\t\t\t\t\t\t<\/span>\n\t\t\t\t\t\t\t\t\t\t\t\t<a class=\"elementor-toggle-title\" tabindex=\"0\">Sz\u00fcks\u00e9ges orvosi vizsg\u00e1lat a szolg\u00e1ltat\u00e1sok ig\u00e9nybev\u00e9tel\u00e9hez?<\/a>\n\t\t\t\t\t<\/div>\n\n\t\t\t\t\t<div id=\"elementor-tab-content-1245\" class=\"elementor-tab-content elementor-clearfix\" data-tab=\"5\" role=\"region\" aria-labelledby=\"elementor-tab-title-1245\"><p>Ezt az el\u0151re kik\u00fcld\u00f6tt k\u00e9rd\u0151\u00edvek kit\u00f6lt\u00e9s\u00e9t k\u00f6vet\u0151en fogom elmondani.<\/p><\/div>\n\t\t\t\t<\/div>\n\t\t\t\t\t\t\t<div class=\"elementor-toggle-item\">\n\t\t\t\t\t<div id=\"elementor-tab-title-1246\" class=\"elementor-tab-title\" data-tab=\"6\" role=\"button\" aria-controls=\"elementor-tab-content-1246\" aria-expanded=\"false\">\n\t\t\t\t\t\t\t\t\t\t\t\t<span class=\"elementor-toggle-icon elementor-toggle-icon-left\" aria-hidden=\"true\">\n\t\t\t\t\t\t\t\t\t\t\t\t\t\t\t<span class=\"elementor-toggle-icon-closed\"><i class=\"fas fa-caret-right\"><\/i><\/span>\n\t\t\t\t\t\t\t\t<span class=\"elementor-toggle-icon-opened\"><i class=\"elementor-toggle-icon-opened fas fa-caret-up\"><\/i><\/span>\n\t\t\t\t\t\t\t\t\t\t\t\t\t<\/span>\n\t\t\t\t\t\t\t\t\t\t\t\t<a class=\"elementor-toggle-title\" tabindex=\"0\">Mekkora ter\u00fclet sz\u00fcks\u00e9ges a szolg\u00e1ltat\u00e1s ig\u00e9nybev\u00e9tel\u00e9hez?<\/a>\n\t\t\t\t\t<\/div>\n\n\t\t\t\t\t<div id=\"elementor-tab-content-1246\" class=\"elementor-tab-content elementor-clearfix\" data-tab=\"6\" role=\"region\" aria-labelledby=\"elementor-tab-title-1246\"><p>Massz\u00e1zshoz, torn\u00e1hoz, kinesio tape-hez, \u00e9s l\u00e1gy l\u00e9zerhez 2&#215;2 m\u00e9teres alapter\u00fclet, m\u00edg a TRX-es edz\u00e9shez 3&#215;3 m\u00e9teres alapter\u00fclet sz\u00fcks\u00e9ges.<\/p><\/div>\n\t\t\t\t<\/div>\n\t\t\t\t\t\t\t\t<\/div>\n\t\t\t\t<\/div>\n\t\t\t\t<\/div>\n\t\t\t\t<\/div>\n\t\t\t\t\t<\/div>\n\t\t\t\t<\/div>\n\t\t\t\t\t\t\t<\/div>\n\t\t","protected":false},"excerpt":{"rendered":"<p>safe laser A safe laser ter\u00e1pia alacsony szint\u0171 l\u00e9zerf\u00e9ny alkalmaz\u00e1s\u00e1t jelenti s\u00e9r\u00fcl\u00e9sek, gyullad\u00e1sok \u00e9s f\u00e1jdalmak kezel\u00e9s\u00e9re. A f\u00e9nysug\u00e1r csak egyetlen hull\u00e1mhossz\u00fas\u00e1g\u00fa f\u00e9nyb\u0151l \u00e1ll (a l\u00e1gyl\u00e9zerek eset\u00e9n 650 vagy 808 nanom\u00e9ter), melyek azonos f\u00e1zisban mozognak (koherensek). A l\u00e9zerk\u00e9sz\u00fcl\u00e9k a gy\u00f3gyul\u00e1s folyamat\u00e1t sejtszinten ind\u00edtja el, \u00edgy ez nem t\u00fcneti jelleg\u0171 kezel\u00e9s, hanem a sejtek m\u00e9ly\u00e9be hatolva elind\u00edtja &hellip;<\/p>\n<p class=\"read-more\"> <a class=\"\" href=\"https:\/\/b-physio.hu\/index.php\/lagy-lezer\/\"> <span class=\"screen-reader-text\">l\u00e1gy l\u00e9zer<\/span> Read More &raquo;<\/a><\/p>\n","protected":false},"author":1,"featured_media":0,"parent":0,"menu_order":0,"comment_status":"closed","ping_status":"closed","template":"","meta":{"site-sidebar-layout":"no-sidebar","site-content-layout":"page-builder","ast-site-content-layout":"full-width-container","site-content-style":"default","site-sidebar-style":"default","ast-global-header-display":"","ast-banner-title-visibility":"","ast-main-header-display":"","ast-hfb-above-header-display":"","ast-hfb-below-header-display":"","ast-hfb-mobile-header-display":"","site-post-title":"disabled","ast-breadcrumbs-content":"","ast-featured-img":"disabled","footer-sml-layout":"","theme-transparent-header-meta":"","adv-header-id-meta":"","stick-header-meta":"","header-above-stick-meta":"","header-main-stick-meta":"","header-below-stick-meta":"","astra-migrate-meta-layouts":"set","footnotes":""},"class_list":["post-1274","page","type-page","status-publish","hentry"],"_links":{"self":[{"href":"https:\/\/b-physio.hu\/index.php\/wp-json\/wp\/v2\/pages\/1274","targetHints":{"allow":["GET"]}}],"collection":[{"href":"https:\/\/b-physio.hu\/index.php\/wp-json\/wp\/v2\/pages"}],"about":[{"href":"https:\/\/b-physio.hu\/index.php\/wp-json\/wp\/v2\/types\/page"}],"author":[{"embeddable":true,"href":"https:\/\/b-physio.hu\/index.php\/wp-json\/wp\/v2\/users\/1"}],"replies":[{"embeddable":true,"href":"https:\/\/b-physio.hu\/index.php\/wp-json\/wp\/v2\/comments?post=1274"}],"version-history":[{"count":40,"href":"https:\/\/b-physio.hu\/index.php\/wp-json\/wp\/v2\/pages\/1274\/revisions"}],"predecessor-version":[{"id":1975,"href":"https:\/\/b-physio.hu\/index.php\/wp-json\/wp\/v2\/pages\/1274\/revisions\/1975"}],"wp:attachment":[{"href":"https:\/\/b-physio.hu\/index.php\/wp-json\/wp\/v2\/media?parent=1274"}],"curies":[{"name":"wp","href":"https:\/\/api.w.org\/{rel}","templated":true}]}}