{"id":1279,"date":"2023-10-07T19:08:30","date_gmt":"2023-10-07T19:08:30","guid":{"rendered":"https:\/\/b-physio.hu\/?page_id=1279"},"modified":"2023-10-09T13:22:43","modified_gmt":"2023-10-09T13:22:43","slug":"kinesio-tape","status":"publish","type":"page","link":"https:\/\/b-physio.hu\/index.php\/kinesio-tape\/","title":{"rendered":"kinesio tape"},"content":{"rendered":"\t\t<div data-elementor-type=\"wp-page\" data-elementor-id=\"1279\" class=\"elementor elementor-1279\">\n\t\t\t\t\t\t\t<div class=\"elementor-element elementor-element-a89197a e-flex e-con-boxed e-con e-parent\" data-id=\"a89197a\" data-element_type=\"container\" data-settings=\"{&quot;content_width&quot;:&quot;boxed&quot;}\" data-core-v316-plus=\"true\">\n\t\t\t\t\t<div class=\"e-con-inner\">\n\t\t\t\t<div class=\"elementor-element elementor-element-aa27514 elementor-widget elementor-widget-heading\" data-id=\"aa27514\" data-element_type=\"widget\" data-widget_type=\"heading.default\">\n\t\t\t\t<div class=\"elementor-widget-container\">\n\t\t\t<style>\/*! elementor - v3.17.0 - 01-11-2023 *\/\n.elementor-heading-title{padding:0;margin:0;line-height:1}.elementor-widget-heading .elementor-heading-title[class*=elementor-size-]>a{color:inherit;font-size:inherit;line-height:inherit}.elementor-widget-heading .elementor-heading-title.elementor-size-small{font-size:15px}.elementor-widget-heading .elementor-heading-title.elementor-size-medium{font-size:19px}.elementor-widget-heading .elementor-heading-title.elementor-size-large{font-size:29px}.elementor-widget-heading .elementor-heading-title.elementor-size-xl{font-size:39px}.elementor-widget-heading .elementor-heading-title.elementor-size-xxl{font-size:59px}<\/style><h2 class=\"elementor-heading-title elementor-size-default\">kinesio tape<\/h2>\t\t<\/div>\n\t\t\t\t<\/div>\n\t\t\t\t\t<\/div>\n\t\t\t\t<\/div>\n\t\t<div class=\"elementor-element elementor-element-3bf6ea7 e-flex e-con-boxed e-con e-parent\" data-id=\"3bf6ea7\" data-element_type=\"container\" data-settings=\"{&quot;content_width&quot;:&quot;boxed&quot;}\" data-core-v316-plus=\"true\">\n\t\t\t\t\t<div class=\"e-con-inner\">\n\t\t<div class=\"elementor-element elementor-element-b3e0653 e-con-full e-flex e-con e-child\" data-id=\"b3e0653\" data-element_type=\"container\" data-settings=\"{&quot;content_width&quot;:&quot;full&quot;,&quot;background_background&quot;:&quot;classic&quot;}\">\n\t\t\t\t<div class=\"elementor-element elementor-element-06f0eba elementor-widget elementor-widget-text-editor\" data-id=\"06f0eba\" data-element_type=\"widget\" data-widget_type=\"text-editor.default\">\n\t\t\t\t<div class=\"elementor-widget-container\">\n\t\t\t<style>\/*! elementor - v3.17.0 - 01-11-2023 *\/\n.elementor-widget-text-editor.elementor-drop-cap-view-stacked .elementor-drop-cap{background-color:#69727d;color:#fff}.elementor-widget-text-editor.elementor-drop-cap-view-framed .elementor-drop-cap{color:#69727d;border:3px solid;background-color:transparent}.elementor-widget-text-editor:not(.elementor-drop-cap-view-default) .elementor-drop-cap{margin-top:8px}.elementor-widget-text-editor:not(.elementor-drop-cap-view-default) .elementor-drop-cap-letter{width:1em;height:1em}.elementor-widget-text-editor .elementor-drop-cap{float:left;text-align:center;line-height:1;font-size:50px}.elementor-widget-text-editor .elementor-drop-cap-letter{display:inline-block}<\/style>\t\t\t\t<p>A kinesio tape (kineziol\u00f3giai tapasz) egy speci\u00e1lis gy\u00f3gy\u00e1szati seg\u00e9deszk\u00f6z, amely a mozg\u00e1sszervi probl\u00e9m\u00e1k, s\u00e9r\u00fcl\u00e9sek \u00e9s f\u00e1jdalmak kezel\u00e9s\u00e9re szolg\u00e1l. A ter\u00e1pia l\u00e9nyege, hogy rugalmas, pamutanyag\u00fa tapaszok seg\u00edts\u00e9g\u00e9vel t\u00e1mogat\u00e1st ny\u00fajtsunk az izmoknak \u00e9s \u00edz\u00fcleteknek, fokozva ezzel a v\u00e9rkering\u00e9st \u00e9s cs\u00f6kkentve a panaszokat.<\/p>\t\t\t\t\t\t<\/div>\n\t\t\t\t<\/div>\n\t\t\t\t<div class=\"elementor-element elementor-element-6e4c7d6 elementor-widget__width-initial elementor-widget elementor-widget-image\" data-id=\"6e4c7d6\" data-element_type=\"widget\" data-widget_type=\"image.default\">\n\t\t\t\t<div class=\"elementor-widget-container\">\n\t\t\t<style>\/*! elementor - v3.17.0 - 01-11-2023 *\/\n.elementor-widget-image{text-align:center}.elementor-widget-image a{display:inline-block}.elementor-widget-image a img[src$=\".svg\"]{width:48px}.elementor-widget-image img{vertical-align:middle;display:inline-block}<\/style>\t\t\t\t\t\t\t\t\t\t\t\t<img loading=\"lazy\" decoding=\"async\" width=\"1536\" height=\"1086\" src=\"https:\/\/b-physio.hu\/wp-content\/uploads\/2023\/10\/kinesio_tape_szolg_kep-1536x1086.jpg\" class=\"attachment-1536x1536 size-1536x1536 wp-image-1418\" alt=\"\" srcset=\"https:\/\/b-physio.hu\/wp-content\/uploads\/2023\/10\/kinesio_tape_szolg_kep-1536x1086.jpg 1536w, https:\/\/b-physio.hu\/wp-content\/uploads\/2023\/10\/kinesio_tape_szolg_kep-300x212.jpg 300w, https:\/\/b-physio.hu\/wp-content\/uploads\/2023\/10\/kinesio_tape_szolg_kep-1024x724.jpg 1024w, https:\/\/b-physio.hu\/wp-content\/uploads\/2023\/10\/kinesio_tape_szolg_kep-768x543.jpg 768w, https:\/\/b-physio.hu\/wp-content\/uploads\/2023\/10\/kinesio_tape_szolg_kep.jpg 1920w\" sizes=\"auto, (max-width: 1536px) 100vw, 1536px\" \/>\t\t\t\t\t\t\t\t\t\t\t\t\t\t\t<\/div>\n\t\t\t\t<\/div>\n\t\t\t\t<\/div>\n\t\t\t\t\t<\/div>\n\t\t\t\t<\/div>\n\t\t<div class=\"elementor-element elementor-element-beb5d1f e-flex e-con-boxed e-con e-parent\" data-id=\"beb5d1f\" data-element_type=\"container\" data-settings=\"{&quot;content_width&quot;:&quot;boxed&quot;}\" data-core-v316-plus=\"true\">\n\t\t\t\t\t<div class=\"e-con-inner\">\n\t\t<div class=\"elementor-element elementor-element-cc3dbcd e-con-full e-flex e-con e-child\" data-id=\"cc3dbcd\" data-element_type=\"container\" data-settings=\"{&quot;content_width&quot;:&quot;full&quot;,&quot;background_background&quot;:&quot;classic&quot;}\">\n\t\t\t\t<div class=\"elementor-element elementor-element-c2ddb0b elementor-widget elementor-widget-text-editor\" data-id=\"c2ddb0b\" data-element_type=\"widget\" data-widget_type=\"text-editor.default\">\n\t\t\t\t<div class=\"elementor-widget-container\">\n\t\t\t\t\t\t\t<p><strong>El\u0151ny\u00f6k:<\/strong><\/p><ul><li>Nem tartalmaz k\u00e9mia hat\u00f3anyagot, m\u00e9gis enyh\u00edti a f\u00e1jdalmat \u00e9s gyullad\u00e1st<\/li><li>Sz\u00e9lesk\u00f6r\u0171en felhaszn\u00e1lhat\u00f3<\/li><li>Fokozza az izmok \u00e9s \u00edz\u00fcletek stabilit\u00e1s\u00e1t<\/li><li>Gyors\u00edtja a s\u00e9r\u00fcl\u00e9sek ut\u00e1ni rehabilit\u00e1ci\u00f3t<\/li><li>L\u00e9g\u00e1tereszt\u0151 anyag\u00fa, valamint egy\u00fctt mozog a testtel, \u00edgy k\u00e9nyelmes a haszn\u00e1lata<\/li><li>Tart\u00f3s, j\u00f3l ragad<\/li><\/ul><p><strong>Akinek aj\u00e1nlom:<\/strong><\/p><ul><li>Sportol\u00f3knak regener\u00e1ci\u00f3hoz, s\u00e9r\u00fcl\u00e9sek eset\u00e9n<\/li><li>Kr\u00f3nikus f\u00e1jdalmakkal k\u00fczd\u0151 p\u00e1cienseknek<\/li><li>Mozg\u00e1sszervi probl\u00e9m\u00e1kkal \u00e9l\u0151 szem\u00e9lyeknek<\/li><\/ul><p><strong>Mi a k\u00fcl\u00f6nbs\u00e9g a sz\u00ednek k\u00f6z\u00f6tt? (Opcion\u00e1lis)<\/strong><\/p><p>A sz\u00ednek k\u00f6zti k\u00fcl\u00f6nbs\u00e9gnek a sz\u00ednter\u00e1pi\u00e1ban van szerepe. A meleg sz\u00ednek energetiz\u00e1l\u00f3 hat\u00e1st v\u00e1ltanak ki, m\u00edg a hideg sz\u00ednek h\u0171s\u00edtenek, nyugtatnak, ez\u00e1ltal gyullad\u00e1s cs\u00f6kkent\u00e9s\u00e9re alkalmasak.<\/p><p><strong>K\u00e9k<\/strong> \u2013 <strong>Nyugalom<\/strong>: h\u0171s\u00edt\u0151, nyugtat\u00f3, g\u00f6rcsold\u00f3, gyullad\u00e1scs\u00f6kkent\u0151 hat\u00e1s\u00fa<\/p><p><strong>Fekete<\/strong> \u2013 <strong>Er\u0151<\/strong>: fokozza a piros \u00e9s a k\u00e9k sz\u00edn hat\u00e1s\u00e1t<\/p><p><strong>B\u00e9zs \u2013 Semleges<\/strong>: testsz\u00edn\u0171, semleges hat\u00e1s\u00fa, eszt\u00e9tikai okokb\u00f3l gyakran haszn\u00e1lt sz\u00edn<\/p><p><strong>Pink \u2013 Laz\u00edt\u00e1s<\/strong>: nyugtat\u00f3 hat\u00e1ssal van a testre, az izmokat is ellaz\u00edtja<\/p><p><strong>Narancs \u2013 Serkent\u00e9s<\/strong>: enyh\u00edti az izom fesz\u00fclts\u00e9geit, az immunrendszert eg\u00e9sz\u00e9ben er\u0151s\u00edti<\/p><p><strong>V\u00f6r\u00f6s \u2013 Aktivit\u00e1s<\/strong>: melegs\u00e9get, dinamizmust sug\u00e1roz, energetiz\u00e1l\u00f3, fokozza a v\u00e9rkering\u00e9st<\/p><p><strong>Lila \u2013 Kiegyenl\u00edt\u0151d\u00e9s<\/strong>: egyes\u00edti a k\u00e9k h\u0171s\u00edt\u0151 \u00e9s a v\u00f6r\u00f6s aktiviz\u00e1l\u00f3 hat\u00e1s\u00e1t<\/p><p><strong>Z\u00f6ld \u2013 Harm\u00f3nia<\/strong>: relax\u00e1ci\u00f3s \u00e9s nyugtat\u00f3 hat\u00e1s\u00fa, \u00edz\u00fcleti gyullad\u00e1sra aj\u00e1nlott<\/p><p><strong>Citroms\u00e1rga \u2013 \u00c9l\u00e9nk\u00edt\u00e9s<\/strong>: a nap sz\u00edne, meleget \u00e9s lelkesed\u00e9st sug\u00e1roz, \u00e9l\u00e9nk\u00edti az idegrendszert<\/p><p><strong>Feh\u00e9r \u2013 Tisztas\u00e1g<\/strong>: a f\u00e9ny, a tisztas\u00e1g, az egyszer\u0171s\u00e9g jelk\u00e9pe, tiszt\u00edt\u00f3 hat\u00e1s\u00fa<\/p>\t\t\t\t\t\t<\/div>\n\t\t\t\t<\/div>\n\t\t\t\t<\/div>\n\t\t\t\t\t<\/div>\n\t\t\t\t<\/div>\n\t\t<div class=\"elementor-element elementor-element-0db26e8 e-flex e-con-boxed e-con e-parent\" data-id=\"0db26e8\" data-element_type=\"container\" data-settings=\"{&quot;content_width&quot;:&quot;boxed&quot;}\" data-core-v316-plus=\"true\">\n\t\t\t\t\t<div class=\"e-con-inner\">\n\t\t<div class=\"elementor-element elementor-element-93ec70d e-con-full e-flex e-con e-child\" data-id=\"93ec70d\" data-element_type=\"container\" data-settings=\"{&quot;content_width&quot;:&quot;full&quot;,&quot;background_background&quot;:&quot;classic&quot;}\">\n\t\t\t\t<div class=\"elementor-element elementor-element-c1375f4 elementor-widget elementor-widget-toggle\" data-id=\"c1375f4\" data-element_type=\"widget\" data-widget_type=\"toggle.default\">\n\t\t\t\t<div class=\"elementor-widget-container\">\n\t\t\t<style>\/*! elementor - v3.17.0 - 01-11-2023 *\/\n.elementor-toggle{text-align:left}.elementor-toggle .elementor-tab-title{font-weight:700;line-height:1;margin:0;padding:15px;border-bottom:1px solid #d5d8dc;cursor:pointer;outline:none}.elementor-toggle .elementor-tab-title .elementor-toggle-icon{display:inline-block;width:1em}.elementor-toggle .elementor-tab-title .elementor-toggle-icon svg{margin-inline-start:-5px;width:1em;height:1em}.elementor-toggle .elementor-tab-title .elementor-toggle-icon.elementor-toggle-icon-right{float:right;text-align:right}.elementor-toggle .elementor-tab-title .elementor-toggle-icon.elementor-toggle-icon-left{float:left;text-align:left}.elementor-toggle .elementor-tab-title .elementor-toggle-icon .elementor-toggle-icon-closed{display:block}.elementor-toggle .elementor-tab-title .elementor-toggle-icon .elementor-toggle-icon-opened{display:none}.elementor-toggle .elementor-tab-title.elementor-active{border-bottom:none}.elementor-toggle .elementor-tab-title.elementor-active .elementor-toggle-icon-closed{display:none}.elementor-toggle .elementor-tab-title.elementor-active .elementor-toggle-icon-opened{display:block}.elementor-toggle .elementor-tab-content{padding:15px;border-bottom:1px solid #d5d8dc;display:none}@media (max-width:767px){.elementor-toggle .elementor-tab-title{padding:12px}.elementor-toggle .elementor-tab-content{padding:12px 10px}}.e-con-inner>.elementor-widget-toggle,.e-con>.elementor-widget-toggle{width:var(--container-widget-width);--flex-grow:var(--container-widget-flex-grow)}<\/style>\t\t<div class=\"elementor-toggle\">\n\t\t\t\t\t\t\t<div class=\"elementor-toggle-item\">\n\t\t\t\t\t<div id=\"elementor-tab-title-2021\" class=\"elementor-tab-title\" data-tab=\"1\" role=\"button\" aria-controls=\"elementor-tab-content-2021\" aria-expanded=\"false\">\n\t\t\t\t\t\t\t\t\t\t\t\t<span class=\"elementor-toggle-icon elementor-toggle-icon-left\" aria-hidden=\"true\">\n\t\t\t\t\t\t\t\t\t\t\t\t\t\t\t<span class=\"elementor-toggle-icon-closed\"><i class=\"fas fa-caret-right\"><\/i><\/span>\n\t\t\t\t\t\t\t\t<span class=\"elementor-toggle-icon-opened\"><i class=\"elementor-toggle-icon-opened fas fa-caret-up\"><\/i><\/span>\n\t\t\t\t\t\t\t\t\t\t\t\t\t<\/span>\n\t\t\t\t\t\t\t\t\t\t\t\t<a class=\"elementor-toggle-title\" tabindex=\"0\">Hogy tudom felvenni Veled a kapcsolatot?<\/a>\n\t\t\t\t\t<\/div>\n\n\t\t\t\t\t<div id=\"elementor-tab-content-2021\" class=\"elementor-tab-content elementor-clearfix\" data-tab=\"1\" role=\"region\" aria-labelledby=\"elementor-tab-title-2021\"><p>Telefonon, e-mail-ben, vagy ak\u00e1r Facebookon is! \u00cdrj vagy h\u00edvj b\u00e1tran!<\/p><\/div>\n\t\t\t\t<\/div>\n\t\t\t\t\t\t\t<div class=\"elementor-toggle-item\">\n\t\t\t\t\t<div id=\"elementor-tab-title-2022\" class=\"elementor-tab-title\" data-tab=\"2\" role=\"button\" aria-controls=\"elementor-tab-content-2022\" aria-expanded=\"false\">\n\t\t\t\t\t\t\t\t\t\t\t\t<span class=\"elementor-toggle-icon elementor-toggle-icon-left\" aria-hidden=\"true\">\n\t\t\t\t\t\t\t\t\t\t\t\t\t\t\t<span class=\"elementor-toggle-icon-closed\"><i class=\"fas fa-caret-right\"><\/i><\/span>\n\t\t\t\t\t\t\t\t<span class=\"elementor-toggle-icon-opened\"><i class=\"elementor-toggle-icon-opened fas fa-caret-up\"><\/i><\/span>\n\t\t\t\t\t\t\t\t\t\t\t\t\t<\/span>\n\t\t\t\t\t\t\t\t\t\t\t\t<a class=\"elementor-toggle-title\" tabindex=\"0\">Milyen m\u00f3don tudok fizetni?<\/a>\n\t\t\t\t\t<\/div>\n\n\t\t\t\t\t<div id=\"elementor-tab-content-2022\" class=\"elementor-tab-content elementor-clearfix\" data-tab=\"2\" role=\"region\" aria-labelledby=\"elementor-tab-title-2022\"><p>K\u00e9szp\u00e9nzben vagy utal\u00e1ssal, mindig a kezel\u00e9s\/edz\u00e9s ut\u00e1n.<\/p><\/div>\n\t\t\t\t<\/div>\n\t\t\t\t\t\t\t<div class=\"elementor-toggle-item\">\n\t\t\t\t\t<div id=\"elementor-tab-title-2023\" class=\"elementor-tab-title\" data-tab=\"3\" role=\"button\" aria-controls=\"elementor-tab-content-2023\" aria-expanded=\"false\">\n\t\t\t\t\t\t\t\t\t\t\t\t<span class=\"elementor-toggle-icon elementor-toggle-icon-left\" aria-hidden=\"true\">\n\t\t\t\t\t\t\t\t\t\t\t\t\t\t\t<span class=\"elementor-toggle-icon-closed\"><i class=\"fas fa-caret-right\"><\/i><\/span>\n\t\t\t\t\t\t\t\t<span class=\"elementor-toggle-icon-opened\"><i class=\"elementor-toggle-icon-opened fas fa-caret-up\"><\/i><\/span>\n\t\t\t\t\t\t\t\t\t\t\t\t\t<\/span>\n\t\t\t\t\t\t\t\t\t\t\t\t<a class=\"elementor-toggle-title\" tabindex=\"0\">Meddig mondhatom le az id\u0151pontot?<\/a>\n\t\t\t\t\t<\/div>\n\n\t\t\t\t\t<div id=\"elementor-tab-content-2023\" class=\"elementor-tab-content elementor-clearfix\" data-tab=\"3\" role=\"region\" aria-labelledby=\"elementor-tab-title-2023\"><p>A megbesz\u00e9lt id\u0151pont el\u0151tt 12 \u00f3r\u00e1val telefonon, vagy emailben.<\/p><\/div>\n\t\t\t\t<\/div>\n\t\t\t\t\t\t\t<div class=\"elementor-toggle-item\">\n\t\t\t\t\t<div id=\"elementor-tab-title-2024\" class=\"elementor-tab-title\" data-tab=\"4\" role=\"button\" aria-controls=\"elementor-tab-content-2024\" aria-expanded=\"false\">\n\t\t\t\t\t\t\t\t\t\t\t\t<span class=\"elementor-toggle-icon elementor-toggle-icon-left\" aria-hidden=\"true\">\n\t\t\t\t\t\t\t\t\t\t\t\t\t\t\t<span class=\"elementor-toggle-icon-closed\"><i class=\"fas fa-caret-right\"><\/i><\/span>\n\t\t\t\t\t\t\t\t<span class=\"elementor-toggle-icon-opened\"><i class=\"elementor-toggle-icon-opened fas fa-caret-up\"><\/i><\/span>\n\t\t\t\t\t\t\t\t\t\t\t\t\t<\/span>\n\t\t\t\t\t\t\t\t\t\t\t\t<a class=\"elementor-toggle-title\" tabindex=\"0\">Mi t\u00f6rt\u00e9nik, ha elfelejtem lemondani az id\u0151pontot \u00e9s nem tudom ig\u00e9nybe venni a szolg\u00e1ltat\u00e1st?<\/a>\n\t\t\t\t\t<\/div>\n\n\t\t\t\t\t<div id=\"elementor-tab-content-2024\" class=\"elementor-tab-content elementor-clearfix\" data-tab=\"4\" role=\"region\" aria-labelledby=\"elementor-tab-title-2024\"><p>Mindenki hib\u00e1zhat, \u00edgy az els\u0151 esetben ebb\u0151l nem lesz probl\u00e9ma. Ezt k\u00f6vet\u0151en az elmaradt alkalom fel\u00e9t kell megfizetni.<\/p><\/div>\n\t\t\t\t<\/div>\n\t\t\t\t\t\t\t<div class=\"elementor-toggle-item\">\n\t\t\t\t\t<div id=\"elementor-tab-title-2025\" class=\"elementor-tab-title\" data-tab=\"5\" role=\"button\" aria-controls=\"elementor-tab-content-2025\" aria-expanded=\"false\">\n\t\t\t\t\t\t\t\t\t\t\t\t<span class=\"elementor-toggle-icon elementor-toggle-icon-left\" aria-hidden=\"true\">\n\t\t\t\t\t\t\t\t\t\t\t\t\t\t\t<span class=\"elementor-toggle-icon-closed\"><i class=\"fas fa-caret-right\"><\/i><\/span>\n\t\t\t\t\t\t\t\t<span class=\"elementor-toggle-icon-opened\"><i class=\"elementor-toggle-icon-opened fas fa-caret-up\"><\/i><\/span>\n\t\t\t\t\t\t\t\t\t\t\t\t\t<\/span>\n\t\t\t\t\t\t\t\t\t\t\t\t<a class=\"elementor-toggle-title\" tabindex=\"0\">Sz\u00fcks\u00e9ges orvosi vizsg\u00e1lat a szolg\u00e1ltat\u00e1sok ig\u00e9nybev\u00e9tel\u00e9hez?<\/a>\n\t\t\t\t\t<\/div>\n\n\t\t\t\t\t<div id=\"elementor-tab-content-2025\" class=\"elementor-tab-content elementor-clearfix\" data-tab=\"5\" role=\"region\" aria-labelledby=\"elementor-tab-title-2025\"><p>Ezt az el\u0151re kik\u00fcld\u00f6tt k\u00e9rd\u0151\u00edvek kit\u00f6lt\u00e9s\u00e9t k\u00f6vet\u0151en fogom elmondani.<\/p><\/div>\n\t\t\t\t<\/div>\n\t\t\t\t\t\t\t<div class=\"elementor-toggle-item\">\n\t\t\t\t\t<div id=\"elementor-tab-title-2026\" class=\"elementor-tab-title\" data-tab=\"6\" role=\"button\" aria-controls=\"elementor-tab-content-2026\" aria-expanded=\"false\">\n\t\t\t\t\t\t\t\t\t\t\t\t<span class=\"elementor-toggle-icon elementor-toggle-icon-left\" aria-hidden=\"true\">\n\t\t\t\t\t\t\t\t\t\t\t\t\t\t\t<span class=\"elementor-toggle-icon-closed\"><i class=\"fas fa-caret-right\"><\/i><\/span>\n\t\t\t\t\t\t\t\t<span class=\"elementor-toggle-icon-opened\"><i class=\"elementor-toggle-icon-opened fas fa-caret-up\"><\/i><\/span>\n\t\t\t\t\t\t\t\t\t\t\t\t\t<\/span>\n\t\t\t\t\t\t\t\t\t\t\t\t<a class=\"elementor-toggle-title\" tabindex=\"0\">Mekkora ter\u00fclet sz\u00fcks\u00e9ges a szolg\u00e1ltat\u00e1s ig\u00e9nybev\u00e9tel\u00e9hez?<\/a>\n\t\t\t\t\t<\/div>\n\n\t\t\t\t\t<div id=\"elementor-tab-content-2026\" class=\"elementor-tab-content elementor-clearfix\" data-tab=\"6\" role=\"region\" aria-labelledby=\"elementor-tab-title-2026\"><p>Massz\u00e1zshoz, torn\u00e1hoz, kinesio tape-hez, \u00e9s l\u00e1gy l\u00e9zerhez 2&#215;2 m\u00e9teres alapter\u00fclet, m\u00edg a TRX-es edz\u00e9shez 3&#215;3 m\u00e9teres alapter\u00fclet sz\u00fcks\u00e9ges.<\/p><\/div>\n\t\t\t\t<\/div>\n\t\t\t\t\t\t\t\t<\/div>\n\t\t\t\t<\/div>\n\t\t\t\t<\/div>\n\t\t\t\t<\/div>\n\t\t\t\t\t<\/div>\n\t\t\t\t<\/div>\n\t\t\t\t\t\t\t<\/div>\n\t\t","protected":false},"excerpt":{"rendered":"<p>kinesio tape A kinesio tape (kineziol\u00f3giai tapasz) egy speci\u00e1lis gy\u00f3gy\u00e1szati seg\u00e9deszk\u00f6z, amely a mozg\u00e1sszervi probl\u00e9m\u00e1k, s\u00e9r\u00fcl\u00e9sek \u00e9s f\u00e1jdalmak kezel\u00e9s\u00e9re szolg\u00e1l. A ter\u00e1pia l\u00e9nyege, hogy rugalmas, pamutanyag\u00fa tapaszok seg\u00edts\u00e9g\u00e9vel t\u00e1mogat\u00e1st ny\u00fajtsunk az izmoknak \u00e9s \u00edz\u00fcleteknek, fokozva ezzel a v\u00e9rkering\u00e9st \u00e9s cs\u00f6kkentve a panaszokat. El\u0151ny\u00f6k: Nem tartalmaz k\u00e9mia hat\u00f3anyagot, m\u00e9gis enyh\u00edti a f\u00e1jdalmat \u00e9s gyullad\u00e1st Sz\u00e9lesk\u00f6r\u0171en felhaszn\u00e1lhat\u00f3 &hellip;<\/p>\n<p class=\"read-more\"> <a class=\"\" href=\"https:\/\/b-physio.hu\/index.php\/kinesio-tape\/\"> <span class=\"screen-reader-text\">kinesio tape<\/span> Read More &raquo;<\/a><\/p>\n","protected":false},"author":1,"featured_media":0,"parent":0,"menu_order":0,"comment_status":"closed","ping_status":"closed","template":"","meta":{"site-sidebar-layout":"no-sidebar","site-content-layout":"page-builder","ast-site-content-layout":"full-width-container","site-content-style":"default","site-sidebar-style":"default","ast-global-header-display":"","ast-banner-title-visibility":"","ast-main-header-display":"","ast-hfb-above-header-display":"","ast-hfb-below-header-display":"","ast-hfb-mobile-header-display":"","site-post-title":"disabled","ast-breadcrumbs-content":"","ast-featured-img":"disabled","footer-sml-layout":"","theme-transparent-header-meta":"","adv-header-id-meta":"","stick-header-meta":"","header-above-stick-meta":"","header-main-stick-meta":"","header-below-stick-meta":"","astra-migrate-meta-layouts":"set","footnotes":""},"class_list":["post-1279","page","type-page","status-publish","hentry"],"_links":{"self":[{"href":"https:\/\/b-physio.hu\/index.php\/wp-json\/wp\/v2\/pages\/1279","targetHints":{"allow":["GET"]}}],"collection":[{"href":"https:\/\/b-physio.hu\/index.php\/wp-json\/wp\/v2\/pages"}],"about":[{"href":"https:\/\/b-physio.hu\/index.php\/wp-json\/wp\/v2\/types\/page"}],"author":[{"embeddable":true,"href":"https:\/\/b-physio.hu\/index.php\/wp-json\/wp\/v2\/users\/1"}],"replies":[{"embeddable":true,"href":"https:\/\/b-physio.hu\/index.php\/wp-json\/wp\/v2\/comments?post=1279"}],"version-history":[{"count":34,"href":"https:\/\/b-physio.hu\/index.php\/wp-json\/wp\/v2\/pages\/1279\/revisions"}],"predecessor-version":[{"id":1951,"href":"https:\/\/b-physio.hu\/index.php\/wp-json\/wp\/v2\/pages\/1279\/revisions\/1951"}],"wp:attachment":[{"href":"https:\/\/b-physio.hu\/index.php\/wp-json\/wp\/v2\/media?parent=1279"}],"curies":[{"name":"wp","href":"https:\/\/api.w.org\/{rel}","templated":true}]}}