{"id":1889,"date":"2023-10-09T11:34:08","date_gmt":"2023-10-09T11:34:08","guid":{"rendered":"https:\/\/b-physio.hu\/?page_id=1889"},"modified":"2023-10-09T11:34:58","modified_gmt":"2023-10-09T11:34:58","slug":"adatkezelesi-tajekoztato","status":"publish","type":"page","link":"https:\/\/b-physio.hu\/index.php\/adatkezelesi-tajekoztato\/","title":{"rendered":"adatkezelesi t\u00e1j\u00e9koztat\u00f3"},"content":{"rendered":"\t\t<div data-elementor-type=\"wp-page\" data-elementor-id=\"1889\" class=\"elementor elementor-1889\">\n\t\t\t\t\t\t\t<div class=\"elementor-element elementor-element-a6adbbc e-flex e-con-boxed e-con e-parent\" data-id=\"a6adbbc\" data-element_type=\"container\" data-settings=\"{&quot;content_width&quot;:&quot;boxed&quot;}\" data-core-v316-plus=\"true\">\n\t\t\t\t\t<div class=\"e-con-inner\">\n\t\t\t\t<div class=\"elementor-element elementor-element-2dfcfc8 elementor-widget elementor-widget-text-editor\" data-id=\"2dfcfc8\" data-element_type=\"widget\" data-widget_type=\"text-editor.default\">\n\t\t\t\t<div class=\"elementor-widget-container\">\n\t\t\t<style>\/*! elementor - v3.17.0 - 01-11-2023 *\/\n.elementor-widget-text-editor.elementor-drop-cap-view-stacked .elementor-drop-cap{background-color:#69727d;color:#fff}.elementor-widget-text-editor.elementor-drop-cap-view-framed .elementor-drop-cap{color:#69727d;border:3px solid;background-color:transparent}.elementor-widget-text-editor:not(.elementor-drop-cap-view-default) .elementor-drop-cap{margin-top:8px}.elementor-widget-text-editor:not(.elementor-drop-cap-view-default) .elementor-drop-cap-letter{width:1em;height:1em}.elementor-widget-text-editor .elementor-drop-cap{float:left;text-align:center;line-height:1;font-size:50px}.elementor-widget-text-editor .elementor-drop-cap-letter{display:inline-block}<\/style>\t\t\t\t<p>Adatv\u00e9delmi ir\u00e1nyelv Legut\u00f3bbi friss\u00edt\u00e9s: 2023. okt\u00f3ber 9. \u00c9rv\u00e9nyess\u00e9g kezdete: 2023. okt\u00f3ber 9.<\/p><p>Ez az Adatv\u00e9delmi ir\u00e1nyelv le\u00edrja Bisztricz \u00c1kos, Lomnici u. 79., Sz\u00e9kesfeh\u00e9rv\u00e1r 8000, Magyarorsz\u00e1g, e-mail: <a href=\"mailto:info@b-physio.hu\" target=\"_new\">info@b-physio.hu<\/a>, telefon: +36 20 467 1384 adatok gy\u0171jt\u00e9se, felhaszn\u00e1l\u00e1sa \u00e9s nyilv\u00e1noss\u00e1gra hozatal\u00e1nak ir\u00e1nyelveit, amelyeket akkor alkalmazunk, amikor weboldalunkat (<a href=\"https:\/\/b-physio.hu\/\" target=\"_new\">https:\/\/b-physio.hu<\/a>) haszn\u00e1lod (a &#8222;Szolg\u00e1ltat\u00e1s&#8221;). A Szolg\u00e1ltat\u00e1s el\u00e9r\u00e9s\u00e9vel vagy haszn\u00e1lat\u00e1val hozz\u00e1j\u00e1rulsz az adataid gy\u0171jt\u00e9s\u00e9hez, felhaszn\u00e1l\u00e1s\u00e1hoz \u00e9s nyilv\u00e1noss\u00e1gra hozatal\u00e1hoz ezen Adatv\u00e9delmi ir\u00e1nyelvnek megfelel\u0151en. Ha nem j\u00e1rulsz hozz\u00e1 ehhez, k\u00e9rlek, ne haszn\u00e1ld a Szolg\u00e1ltat\u00e1st.<\/p><p>Ez az Adatv\u00e9delmi ir\u00e1nyelv b\u00e1rmikor m\u00f3dos\u00edthat\u00f3 el\u0151zetes \u00e9rtes\u00edt\u00e9s n\u00e9lk\u00fcl, \u00e9s a m\u00f3dos\u00edtott Adatv\u00e9delmi ir\u00e1nyelvet k\u00f6zz\u00e9tessz\u00fck a Szolg\u00e1ltat\u00e1son. A m\u00f3dos\u00edtott ir\u00e1nyelv hat\u00e1lyba l\u00e9p 180 nap eltelt\u00e9vel azut\u00e1n, hogy a m\u00f3dos\u00edtott ir\u00e1nyelvet k\u00f6zz\u00e9tett\u00fck a Szolg\u00e1ltat\u00e1son, \u00e9s a Szolg\u00e1ltat\u00e1s tov\u00e1bbi el\u00e9r\u00e9s\u00e9nek vagy haszn\u00e1lat\u00e1nak folytat\u00e1sa az ilyen id\u0151pont ut\u00e1n a m\u00f3dos\u00edtott Adatv\u00e9delmi ir\u00e1nyelv elfogad\u00e1s\u00e1t jelenti. Ez\u00e9rt javasoljuk, hogy id\u0151nk\u00e9nt n\u00e9zze meg ezt az oldalt.<\/p><p>GY\u0170JT\u00d6TT INFORM\u00c1CI\u00d3: Az al\u00e1bbi szem\u00e9lyes inform\u00e1ci\u00f3kat fogjuk gy\u0171jteni \u00e9s feldolgozni r\u00f3lad:<\/p><p>N\u00e9v E-mail c\u00edm Mobiltelefonsz\u00e1m HOGYAN HASZN\u00c1LJUK AZ INFORM\u00c1CI\u00d3DAT: Az \u00e1ltalunk gy\u0171jt\u00f6tt inform\u00e1ci\u00f3kat az al\u00e1bbi c\u00e9lokra fogjuk felhaszn\u00e1lni:<\/p><p>Marketing \/ Prom\u00f3ci\u00f3 Ha az inform\u00e1ci\u00f3dat m\u00e1s c\u00e9lra szeretn\u00e9nk haszn\u00e1lni, meg fogunk k\u00e9rdezni a hozz\u00e1j\u00e1rul\u00e1sodat, \u00e9s az inform\u00e1ci\u00f3dat csak a hozz\u00e1j\u00e1rul\u00e1sod megszerz\u00e9se ut\u00e1n fogjuk felhaszn\u00e1lni, \u00e9s csak azokra a c\u00e9lokra, amelyekre enged\u00e9lyezted, hacsak a jogszab\u00e1ly m\u00e1sk\u00e9nt nem rendeli.<\/p><p>HOGYAN OSZTJUK MEG AZ INFORM\u00c1CI\u00d3DAT: Az adataidat nem fogjuk \u00e1tadni harmadik f\u00e9lnek a hozz\u00e1j\u00e1rul\u00e1sod n\u00e9lk\u00fcl, kiv\u00e9ve az al\u00e1bbi korl\u00e1tozott k\u00f6r\u00fclm\u00e9nyeket:<\/p><p>Analitika K\u00e9rni fogjuk az ilyen harmadik feleket, hogy az \u00e1ltalunk \u00e1tadott szem\u00e9lyes inform\u00e1ci\u00f3t csak az\u00e9rt haszn\u00e1lj\u00e1k fel, amelyre \u00e1tadtuk, \u00e9s ne \u0151rizz\u00e9k meg azt hosszabb ideig, mint amennyi id\u0151 sz\u00fcks\u00e9ges a c\u00e9l el\u00e9r\u00e9s\u00e9hez.<\/p><p>Az adataidat az al\u00e1bbi c\u00e9lokra is nyilv\u00e1noss\u00e1gra hozhatjuk: (1) a vonatkoz\u00f3 jogszab\u00e1ly, rendelet, b\u00edr\u00f3s\u00e1gi rendelet vagy egy\u00e9b jogi elj\u00e1r\u00e1s betart\u00e1sa \u00e9rdek\u00e9ben; (2) az \u00e1ltalunk k\u00f6t\u00f6tt meg\u00e1llapod\u00e1said v\u00e9grehajt\u00e1sa \u00e9rdek\u00e9ben, ide\u00e9rtve ezt az Adatv\u00e9delmi ir\u00e1nyelvet is; vagy (3) v\u00e1lasz arra, hogy a Szolg\u00e1ltat\u00e1s haszn\u00e1lata megs\u00e9rti-e b\u00e1rmely harmadik f\u00e9l jogait. Ha a Szolg\u00e1ltat\u00e1st vagy c\u00e9g\u00fcnket egy m\u00e1sik v\u00e1llalattal egyes\u00edtik vagy felv\u00e1s\u00e1rolj\u00e1k, az inform\u00e1ci\u00f3id az \u00faj tulajdonoshoz \u00e1tadand\u00f3 eszk\u00f6z\u00f6k egyikek\u00e9nt ker\u00fclnek \u00e1tad\u00e1sra.<\/p><p>AZ INFORM\u00c1CI\u00d3K MEG\u0150RZ\u00c9SE: Az adataidat 30 napig meg\u0151rizz\u00fck, vagy ameddig sz\u00fcks\u00e9ges ahhoz, hogy azokat a c\u00e9lokat teljes\u00edts\u00fck, amelyek\u00e9rt az adatokat gy\u0171jt\u00f6tt\u00fck, ahogy azt ebben az Adatv\u00e9delmi ir\u00e1nyelvben r\u00e9szletezt\u00fck. Bizonyos inform\u00e1ci\u00f3kat hosszabb ideig is meg\u0151rizhet\u00fcnk, p\u00e9ld\u00e1ul a vonatkoz\u00f3 jogszab\u00e1lyoknak megfelel\u0151 nyilv\u00e1ntart\u00e1s \/ jelent\u00e9s k\u00e9sz\u00edt\u00e9se \u00e9rdek\u00e9ben vagy m\u00e1s jogos okokb\u00f3l, mint p\u00e9ld\u00e1ul jogi jogok \u00e9rv\u00e9nyes\u00edt\u00e9se, csal\u00e1s elleni v\u00e9delem stb. A visszamarad\u00f3 n\u00e9vtelen inform\u00e1ci\u00f3kat \u00e9s \u00f6sszes\u00edtett inform\u00e1ci\u00f3kat, amelyek nem azonos\u00edtanak t\u00e9ged (k\u00f6zvetlen\u00fcl vagy k\u00f6zvetve), v\u00e9gtelen ideig t\u00e1rolhatjuk.<\/p><p>AZ \u00d6N JOGAI: Az alkalmazand\u00f3 jogt\u00f3l f\u00fcgg\u0151en jogod lehet hozz\u00e1f\u00e9rni az adataidhoz, helyesb\u00edteni vagy t\u00f6r\u00f6lni azokat, vagy kapni egy m\u00e1solatot az adataidr\u00f3l, korl\u00e1tozni vagy ellenezni az adataid akt\u00edv feldolgoz\u00e1s\u00e1t, k\u00e9rni t\u0151l\u00fcnk az adataid m\u00e1sik entit\u00e1snak t\u00f6rt\u00e9n\u0151 \u00e1tad\u00e1s\u00e1t, visszavonni b\u00e1rmilyen hozz\u00e1j\u00e1rul\u00e1st, amit nek\u00fcnk adt\u00e1l az adataid feldolgoz\u00e1s\u00e1hoz, jogod van panaszt tenni egy jogszab\u00e1lyi hat\u00f3s\u00e1gn\u00e1l, \u00e9s egy\u00e9b jogok, amelyek relev\u00e1nsak lehetnek az alkalmazand\u00f3 jogszab\u00e1lyok alapj\u00e1n. Ezeknek a jogoknak az \u00e9rv\u00e9nyes\u00edt\u00e9s\u00e9hez \u00edrj nek\u00fcnk az <a href=\"mailto:info@b-physio.hu\" target=\"_new\">info@b-physio.hu<\/a> c\u00edmre. V\u00e1laszolni fogunk a k\u00e9relmedre az alkalmazand\u00f3 jogszab\u00e1lyoknak megfelel\u0151en.<\/p><p>K\u00e9rj\u00fck, vegye figyelembe, hogy ha nem enged\u00e9lyezed nek\u00fcnk az adataid gy\u0171jt\u00e9s\u00e9t vagy feldolgoz\u00e1s\u00e1t a sz\u00fcks\u00e9ges c\u00e9lokra, vagy visszavonod a hozz\u00e1j\u00e1rul\u00e1st azok feldolgoz\u00e1s\u00e1hoz, lehet, hogy nem leszel k\u00e9pes hozz\u00e1f\u00e9rni vagy haszn\u00e1lni a szolg\u00e1ltat\u00e1sokat, amelyekhez az adataidat k\u00e9rt\u00fck.<\/p><p>S\u00dcTIK STB. Tov\u00e1bbi inform\u00e1ci\u00f3k\u00e9rt arr\u00f3l, hogyan haszn\u00e1ljuk ezeket a k\u00f6vet\u00e9si technol\u00f3gi\u00e1kat, \u00e9s v\u00e1laszt\u00e1si lehet\u0151s\u00e9geidr\u0151l ezekkel kapcsolatban, k\u00e9rj\u00fck, n\u00e9zd meg a Cookie Policy (S\u00fctikezel\u00e9si ir\u00e1nyelv) c\u00edm\u0171 ir\u00e1nyelv\u00fcnket.<\/p><p>BIZTONS\u00c1G: Az adataid biztons\u00e1ga fontos sz\u00e1munkra, \u00e9s \u00e9sszer\u0171 biztons\u00e1gi int\u00e9zked\u00e9seket fogunk tenni az adataid elveszt\u00e9s\u00e9nek, vissza\u00e9l\u00e9s\u00e9nek vagy jogosulatlan m\u00f3dos\u00edt\u00e1s\u00e1nak megel\u0151z\u00e9se \u00e9rdek\u00e9ben az ir\u00e1ny\u00edt\u00e1sunk alatt. Ugyanakkor a velej\u00e1r\u00f3 kock\u00e1zatok figyelembev\u00e9tel\u00e9vel nem tudjuk garant\u00e1lni az abszol\u00fat biztons\u00e1got, \u00e9s enn\u00e9lfogva nem biztos\u00edthatjuk vagy nem garant\u00e1lhatjuk azoknak az inform\u00e1ci\u00f3knak a biztons\u00e1g\u00e1t, amelyeket nek\u00fcnk tov\u00e1bb\u00edtasz, \u00e9s ezt saj\u00e1t felel\u0151ss\u00e9gedre teszed.<\/p><p>HARMADIK FELEK LINKJEI &amp; AZ INFORM\u00c1CI\u00d3D HASZN\u00c1LATA: Szolg\u00e1ltat\u00e1sunk tartalmazhat olyan weboldalakhoz vezet\u0151 linkeket, amelyeket nem mi \u00fczemeltet\u00fcnk. Ez az Adatv\u00e9delmi ir\u00e1nyelv nem foglalkozik b\u00e1rmely harmadik f\u00e9l adatv\u00e9delmi ir\u00e1nyelveivel \u00e9s m\u00e1s gyakorlataival, ide\u00e9rtve azokat a harmadik feleket is, amelyek \u00fczemeltetnek b\u00e1rmilyen weboldalt vagy szolg\u00e1ltat\u00e1st, amely el\u00e9rhet\u0151 lehet a Szolg\u00e1ltat\u00e1s linkj\u00e9n kereszt\u00fcl. Er\u0151sen aj\u00e1nljuk, hogy minden l\u00e1togatott oldal adatv\u00e9delmi ir\u00e1nyelveit tekintsd meg. Nincs ellen\u0151rz\u00e9s\u00fcnk \u00e9s nem v\u00e1llalunk felel\u0151ss\u00e9get a harmadik f\u00e9l weboldalainak vagy szolg\u00e1ltat\u00e1sainak tartalm\u00e1\u00e9rt, adatv\u00e9delmi ir\u00e1nyelvei\u00e9rt vagy gyakorlatai\u00e9rt.<\/p><p>PANASZ \/ ADATV\u00c9DELMI TISZTVISEL\u0150: Ha b\u00e1rmilyen k\u00e9rd\u00e9sed vagy aggodalmad van az adataid feldolgoz\u00e1s\u00e1val kapcsolatban, amely rendelkez\u00e9sre \u00e1ll nek\u00fcnk, emailben felveheted a kapcsolatot az Adatv\u00e9delmi tisztvisel\u0151nkkel a Bisztricz \u00c1kos, Lomnici u. 79., email: <a href=\"mailto:info@b-physio.hu\" target=\"_new\">info@b-physio.hu<\/a> c\u00edmen. Az aggodalmaidat az alkalmazand\u00f3 jogszab\u00e1lyoknak megfelel\u0151en fogjuk kezelni.<\/p>\t\t\t\t\t\t<\/div>\n\t\t\t\t<\/div>\n\t\t\t\t\t<\/div>\n\t\t\t\t<\/div>\n\t\t\t\t\t\t\t<\/div>\n\t\t","protected":false},"excerpt":{"rendered":"<p>Adatv\u00e9delmi ir\u00e1nyelv Legut\u00f3bbi friss\u00edt\u00e9s: 2023. okt\u00f3ber 9. \u00c9rv\u00e9nyess\u00e9g kezdete: 2023. okt\u00f3ber 9. Ez az Adatv\u00e9delmi ir\u00e1nyelv le\u00edrja Bisztricz \u00c1kos, Lomnici u. 79., Sz\u00e9kesfeh\u00e9rv\u00e1r 8000, Magyarorsz\u00e1g, e-mail: info@b-physio.hu, telefon: +36 20 467 1384 adatok gy\u0171jt\u00e9se, felhaszn\u00e1l\u00e1sa \u00e9s nyilv\u00e1noss\u00e1gra hozatal\u00e1nak ir\u00e1nyelveit, amelyeket akkor alkalmazunk, amikor weboldalunkat (https:\/\/b-physio.hu) haszn\u00e1lod (a &#8222;Szolg\u00e1ltat\u00e1s&#8221;). A Szolg\u00e1ltat\u00e1s el\u00e9r\u00e9s\u00e9vel vagy haszn\u00e1lat\u00e1val hozz\u00e1j\u00e1rulsz az &hellip;<\/p>\n<p class=\"read-more\"> <a class=\"\" href=\"https:\/\/b-physio.hu\/index.php\/adatkezelesi-tajekoztato\/\"> <span class=\"screen-reader-text\">adatkezelesi t\u00e1j\u00e9koztat\u00f3<\/span> Read More &raquo;<\/a><\/p>\n","protected":false},"author":1,"featured_media":0,"parent":0,"menu_order":0,"comment_status":"closed","ping_status":"closed","template":"","meta":{"site-sidebar-layout":"no-sidebar","site-content-layout":"page-builder","ast-site-content-layout":"full-width-container","site-content-style":"default","site-sidebar-style":"default","ast-global-header-display":"","ast-banner-title-visibility":"","ast-main-header-display":"","ast-hfb-above-header-display":"","ast-hfb-below-header-display":"","ast-hfb-mobile-header-display":"","site-post-title":"disabled","ast-breadcrumbs-content":"","ast-featured-img":"disabled","footer-sml-layout":"","theme-transparent-header-meta":"","adv-header-id-meta":"","stick-header-meta":"","header-above-stick-meta":"","header-main-stick-meta":"","header-below-stick-meta":"","astra-migrate-meta-layouts":"set","footnotes":""},"class_list":["post-1889","page","type-page","status-publish","hentry"],"_links":{"self":[{"href":"https:\/\/b-physio.hu\/index.php\/wp-json\/wp\/v2\/pages\/1889","targetHints":{"allow":["GET"]}}],"collection":[{"href":"https:\/\/b-physio.hu\/index.php\/wp-json\/wp\/v2\/pages"}],"about":[{"href":"https:\/\/b-physio.hu\/index.php\/wp-json\/wp\/v2\/types\/page"}],"author":[{"embeddable":true,"href":"https:\/\/b-physio.hu\/index.php\/wp-json\/wp\/v2\/users\/1"}],"replies":[{"embeddable":true,"href":"https:\/\/b-physio.hu\/index.php\/wp-json\/wp\/v2\/comments?post=1889"}],"version-history":[{"count":4,"href":"https:\/\/b-physio.hu\/index.php\/wp-json\/wp\/v2\/pages\/1889\/revisions"}],"predecessor-version":[{"id":1893,"href":"https:\/\/b-physio.hu\/index.php\/wp-json\/wp\/v2\/pages\/1889\/revisions\/1893"}],"wp:attachment":[{"href":"https:\/\/b-physio.hu\/index.php\/wp-json\/wp\/v2\/media?parent=1889"}],"curies":[{"name":"wp","href":"https:\/\/api.w.org\/{rel}","templated":true}]}}